{"id":1048,"date":"2023-08-07T14:29:41","date_gmt":"2023-08-07T12:29:54","guid":{"rendered":"https:\/\/www.wir-pro-stub.de\/?page_id=1048"},"modified":"2024-12-09T17:59:54","modified_gmt":"2024-12-09T16:59:54","slug":"unterstuetzer-innen","status":"publish","type":"page","link":"https:\/\/www.wir-pro-stub.de\/en\/unterstuetzer-innen\/","title":{"rendered":"Unterst\u00fctzer:innen"},"content":{"rendered":"<div data-elementor-type=\"wp-page\" data-elementor-id=\"1048\" class=\"elementor elementor-1048\" data-elementor-post-type=\"page\">\n\t\t\t\t\t\t<section class=\"elementor-section elementor-top-section elementor-element elementor-element-3799963 elementor-section-boxed elementor-section-height-default elementor-section-height-default\" data-id=\"3799963\" data-element_type=\"section\" data-no-translation=\"\">\n\t\t\t\t\t\t<div class=\"elementor-container elementor-column-gap-default\">\n\t\t\t\t\t<div class=\"elementor-column elementor-col-100 elementor-top-column elementor-element elementor-element-601e800\" data-id=\"601e800\" data-element_type=\"column\">\n\t\t\t<div class=\"elementor-widget-wrap elementor-element-populated\">\n\t\t\t\t\t\t<div class=\"elementor-element elementor-element-0d6f8d3 elementor-widget elementor-widget-text-editor\" data-id=\"0d6f8d3\" data-element_type=\"widget\" data-widget_type=\"text-editor.default\">\n\t\t\t\t<div class=\"elementor-widget-container\">\n\t\t\t\t\t\t\t\t\t<p style=\"text-align: center;\">The content of this page is only available in German.<\/p>\t\t\t\t\t\t\t\t<\/div>\n\t\t\t\t<\/div>\n\t\t\t\t\t<\/div>\n\t\t<\/div>\n\t\t\t\t\t<\/div>\n\t\t<\/section>\n\t\t\t\t<section class=\"elementor-section elementor-top-section elementor-element elementor-element-c3b2c44 elementor-section-boxed elementor-section-height-default elementor-section-height-default\" data-id=\"c3b2c44\" data-element_type=\"section\" data-settings=\"{&quot;background_background&quot;:&quot;classic&quot;}\">\n\t\t\t\t\t\t<div class=\"elementor-container elementor-column-gap-default\">\n\t\t\t\t\t<div class=\"elementor-column elementor-col-100 elementor-top-column elementor-element elementor-element-ff1b318\" data-id=\"ff1b318\" data-element_type=\"column\">\n\t\t\t<div class=\"elementor-widget-wrap elementor-element-populated\">\n\t\t\t\t\t\t<div class=\"elementor-element elementor-element-023303d elementor-invisible elementor-widget elementor-widget-heading\" data-id=\"023303d\" data-element_type=\"widget\" data-settings=\"{&quot;_animation&quot;:&quot;fadeInDown&quot;}\" data-widget_type=\"heading.default\">\n\t\t\t\t<div class=\"elementor-widget-container\">\n\t\t\t\t\t<h2 class=\"elementor-heading-title elementor-size-default\">Unterst\u00fctzer:innen<\/h2>\t\t\t\t<\/div>\n\t\t\t\t<\/div>\n\t\t\t\t<div class=\"elementor-element elementor-element-39110b6 elementor-widget elementor-widget-text-editor\" data-id=\"39110b6\" data-element_type=\"widget\" data-widget_type=\"text-editor.default\">\n\t\t\t\t<div class=\"elementor-widget-container\">\n\t\t\t\t\t\t\t\t\t<div class=\"page\" title=\"Page 1\"><div class=\"layoutArea\"><div class=\"column\"><p>Die Stadt-Umland-Bahn hat viele Freunde. In WIR PRO StUB sind Vereine, Parteien, Initiativen und Firmen organisiert.<\/p><\/div><\/div><\/div>\t\t\t\t\t\t\t\t<\/div>\n\t\t\t\t<\/div>\n\t\t\t\t\t<\/div>\n\t\t<\/div>\n\t\t\t\t\t<\/div>\n\t\t<\/section>\n\t\t\t\t<section class=\"elementor-section elementor-top-section elementor-element elementor-element-977fc88 elementor-section-boxed elementor-section-height-default elementor-section-height-default\" data-id=\"977fc88\" data-element_type=\"section\">\n\t\t\t\t\t\t<div class=\"elementor-container elementor-column-gap-default\">\n\t\t\t\t\t<div class=\"elementor-column elementor-col-50 elementor-top-column elementor-element elementor-element-6372131\" data-id=\"6372131\" data-element_type=\"column\">\n\t\t\t<div class=\"elementor-widget-wrap elementor-element-populated\">\n\t\t\t\t\t\t<div class=\"elementor-element elementor-element-3e7793b elementor-widget elementor-widget-text-editor\" data-id=\"3e7793b\" data-element_type=\"widget\" data-widget_type=\"text-editor.default\">\n\t\t\t\t<div class=\"elementor-widget-container\">\n\t\t\t\t\t\t\t\t\t<ul><li><a href=\"https:\/\/erlangen.adfc.de\/\" target=\"_blank\" rel=\"noopener\">Allgemeiner Deutscher Fahrrad-Club (ADFC)<br \/>Kreisverband Erlangen\/Erlangen-H\u00f6chstadt<\/a><\/li><li><a href=\"https:\/\/www.awo-erlangen.de\/\" target=\"_blank\" rel=\"noopener\">AWO Kreisverband Erlangen-H\u00f6chstadt e.V.<\/a><\/li><li><a href=\"https:\/\/www.bi-schwabachtal.de\/\" target=\"_blank\" rel=\"noopener\">BI Umweltvertr\u00e4gliche Mobilit\u00e4t im Schwabachtal<\/a><\/li><li><a href=\"https:\/\/verein-fuer-menschen.de\/\" target=\"_blank\" rel=\"noopener\">Boxdorfer Wohnanlage &#8211; Verein f\u00fcr Menschen<\/a><\/li><li><a href=\"https:\/\/www.bund-naturschutz.de\/\" target=\"_blank\" rel=\"noopener\">Bund Naturschutz in Bayern e.V<\/a>.<ul><li><a href=\"https:\/\/erlangen.bund-naturschutz.de\/\" target=\"_blank\" rel=\"noopener\">Kreisgruppe Erlangen<\/a><\/li><li><a href=\"https:\/\/forchheim.bund-naturschutz.de\/\" target=\"_blank\" rel=\"noopener\">Kreisgruppe Forchheim<\/a><\/li><li><a href=\"https:\/\/hoechstadt-herzogenaurach.bund-naturschutz.de\/ortsgruppen\/hoechstadt\" target=\"_blank\" rel=\"noopener\">Kreisgruppe H\u00f6chstadt-Herzogenaurach<\/a><\/li><li><a href=\"https:\/\/nuernberg-stadt.bund-naturschutz.de\/\">Kreisgruppe N\u00fcrnberg<\/a><\/li><\/ul><\/li><li><a href=\"https:\/\/www.carsharing-erlangen.de\/\" target=\"_blank\" rel=\"noopener\">CarSharing Erlangen e.V.<\/a><\/li><li><a href=\"https:\/\/climateconnect.earth\/de\" target=\"_blank\" rel=\"noopener\">Climate Connect gUG<\/a><\/li><li><a href=\"https:\/\/mittelfranken.dgb.de\/\" target=\"_blank\" rel=\"noopener\">Deutscher Gewerkschaftsbund (DGB) Kreisverband Erlangen\/Erlangen-H\u00f6chstadt<\/a><\/li><li><a href=\"https:\/\/www.alpenverein-erlangen.de\/\" target=\"_blank\" rel=\"noopener\">Deutscher Alpenverein Sektion Erlangen<\/a><ul><li><a href=\"https:\/\/www.alpenverein-erlangen.de\/jdav-die-jugend\/\" target=\"_blank\" rel=\"noopener\">Jugend des Deutschen Alpenvereins Sektion Erlangen<\/a><\/li><\/ul><\/li><li><a href=\"https:\/\/www.doerfler.de\/\" target=\"_blank\" rel=\"noopener\">D\u00f6rfler &#8211; internationale Wohnkultur<\/a><\/li><li><a href=\"https:\/\/www.energiewende-erlangen.de\/\" target=\"_blank\" rel=\"noopener\">Energiewende ER(H)langen e.V.<\/a><\/li><li><a href=\"https:\/\/www.sfnbg.de\/\" target=\"_blank\" rel=\"noopener\">Freunde der N\u00fcrnberg-F\u00fcrther Stra\u00dfenbahn e.V.<\/a><\/li><li><a href=\"https:\/\/www.fau.de\/\" target=\"_blank\" rel=\"noopener\">Friedrich-Alexander-Universit\u00e4t Erlangen-N\u00fcrnberg<\/a><ul><li><a href=\"https:\/\/stuve.uni-erlangen.de\/\" target=\"_blank\" rel=\"noopener\">Studierendenvertretung der Universit\u00e4t Erlangen-N\u00fcrnberg<\/a><\/li><\/ul><\/li><li><a href=\"https:\/\/forum1punkt5-mfr.de\/stub\/\" target=\"_blank\" rel=\"noopener\">forum1.5 Mittelfranken<\/a><\/li><li><a href=\"https:\/\/www.grass-pe.com\/\" target=\"_blank\" rel=\"noopener\">Grass Power Electronics GmbH<\/a><\/li><li><a href=\"https:\/\/gr-gemeinde-erlangen.de\/\" target=\"_blank\" rel=\"noopener\">Griechische Gemeinde Erlangen<\/a><\/li><li>\u00a0Gr\u00fcne<ul><li><a href=\"https:\/\/www.gruene-erlangen-land.de\/\" target=\"_blank\" rel=\"noopener\">B\u00fcndnis 90\/Die Gr\u00fcnen Kreisverband Erlangen Land<\/a><\/li><li><a href=\"https:\/\/gruene-erlangen.de\/\" target=\"_blank\" rel=\"noopener\">B\u00fcndnis 90\/Die Gr\u00fcnen Kreisverband Erlangen-Stadt<\/a><\/li><li><a href=\"https:\/\/www.gj-erlangen.de\/\" target=\"_blank\" rel=\"noopener\">Gr\u00fcne Jugend Erlangen<\/a><\/li><li><a href=\"https:\/\/gl-erlangen.de\/\" target=\"_blank\" rel=\"noopener\">Gr\u00fcne Liste Erlangen<\/a><\/li><li><a href=\"https:\/\/gl-erlangen.de\/\" target=\"_blank\" rel=\"noopener\">Gr\u00fcne\/Gr\u00fcne Liste-Stadtratsfraktion<\/a><\/li><\/ul><\/li><li style=\"font-size: 16px;\"><a style=\"font-family: var( --e-global-typography-text-font-family ), Sans-serif; font-weight: var( --e-global-typography-text-font-weight );\" href=\"https:\/\/www.hi-ern.de\/\" target=\"_blank\" rel=\"noopener\">Helmholtz-Institut Erlangen-N\u00fcrnberg<\/a><\/li><li style=\"font-size: 16px;\"><a href=\"https:\/\/hotel-luise.de\/\" target=\"_blank\" rel=\"noopener\">Hotel Luise<\/a><\/li><\/ul>\t\t\t\t\t\t\t\t<\/div>\n\t\t\t\t<\/div>\n\t\t\t\t\t<\/div>\n\t\t<\/div>\n\t\t\t\t<div class=\"elementor-column elementor-col-50 elementor-top-column elementor-element elementor-element-9b8bf2e\" data-id=\"9b8bf2e\" data-element_type=\"column\">\n\t\t\t<div class=\"elementor-widget-wrap elementor-element-populated\">\n\t\t\t\t\t\t<div class=\"elementor-element elementor-element-c9e5aa1 elementor-widget elementor-widget-text-editor\" data-id=\"c9e5aa1\" data-element_type=\"widget\" data-widget_type=\"text-editor.default\">\n\t\t\t\t<div class=\"elementor-widget-container\">\n\t\t\t\t\t\t\t\t\t<ul><li><a href=\"https:\/\/www.erlangen.de\/jugendparlament\" target=\"_blank\" rel=\"noopener\">Jugendparlament Erlangen<\/a><\/li><li><a href=\"https:\/\/julis-mfr.de\/julis-erlangen-de\" target=\"_blank\" rel=\"noopener\">Junge Liberale Erlangen<\/a><\/li><li><a href=\"https:\/\/climateconnect.earth\/de\/projects\/klimaforum-bruck\" target=\"_blank\" rel=\"noopener\">Klimaforum Bruck<\/a><\/li><li><a href=\"https:\/\/www.klimaliste-erlangen.de\/\" target=\"_blank\" rel=\"noopener\">Klimaliste Erlangen<\/a><\/li><li><a href=\"https:\/\/www.bezirkskliniken-mfr.de\/standorte-und-kliniken\/erlangen\/\" target=\"_blank\" rel=\"noopener\">Klinikum am Europakanal<\/a><\/li><li><a href=\"https:\/\/www.e-werk.de\/\" target=\"_blank\" rel=\"noopener\">Kulturzentrum E-Werk<\/a><\/li><li><a href=\"https:\/\/nuernberg.lbv.de\/\" target=\"_blank\" rel=\"noopener\">Landesbund f\u00fcr Vogel- und Naturschutz (LBV)<\/a><\/li><li><a href=\"https:\/\/www.lebenshilfe-bayern.de\/\" target=\"_blank\" rel=\"noopener\">Lebenshilfe Bayern e. V.\u00a0<\/a><\/li><li><a href=\"https:\/\/www.lilienarche.de\/\" target=\"_blank\" rel=\"noopener\">Lilien-Arche<\/a><\/li><li><a href=\"https:\/\/erlangen.de\/themenseite\/mitgestalten\/politik-mitgestalten\/nachhaltigkeitsbeirat\" target=\"_blank\" rel=\"noopener\">Nachhaltigkeitsbeirat der Stadt Erlangen<\/a><\/li><li><a href=\"https:\/\/www.papierladen-erlangen.de\/\" target=\"_blank\" rel=\"noopener\">Papierladen Erlangen<\/a><\/li><li><a href=\"https:\/\/www.pro-bahn.de\/bayern\/aktuell_bayern.php\" target=\"_blank\" rel=\"noopener\">PRO BAHN Landesverband Bayern\u00a0<\/a><\/li><li><a href=\"https:\/\/about.puma.com\/de\" target=\"_blank\" rel=\"noopener\">Puma SE<\/a><\/li><li><a href=\"https:\/\/www.schaeffler.de\/\" target=\"_blank\" rel=\"noopener\">Schaeffler AG<\/a><\/li><li><a href=\"https:\/\/www.siemens.com\/\" target=\"_blank\" rel=\"noopener\">Siemens AG<\/a><\/li><li><a href=\"https:\/\/www.sonnenenergie-erlangen.de\/\" target=\"_blank\" rel=\"noopener\">Sonnenenergie Erlangen e.V.<\/a><\/li><li>SPD<ul><li><a href=\"https:\/\/spd-erlangen.de\/\" target=\"_blank\" rel=\"noopener\">SPD Kreisverband Erlangen<\/a><\/li><li><a href=\"https:\/\/spd-erh.de\/\" target=\"_blank\" rel=\"noopener\">SPD Kreisverband Erlangen-H\u00f6chstadt<\/a><\/li><li><a href=\"https:\/\/www.spd-fraktion-erlangen.de\/\" target=\"_blank\" rel=\"noopener\">SPD-Stadtratsfraktion<\/a><\/li><li style=\"font-size: 16px;\"><a href=\"https:\/\/www.jusos-erlangen.de\/\" target=\"_blank\" rel=\"noopener\">Jusos Kreisverband Erlangen<\/a><\/li><\/ul><\/li><li><a href=\"https:\/\/stadtmedien.com\/\" target=\"_blank\" rel=\"noopener\">Stadtmedien N\u00fcrnberg<\/a><\/li><li><a href=\"https:\/\/ubb-buckenhof.de\" target=\"_blank\" rel=\"noopener\">UBB \u2013 Gr\u00fcne Liste Buckenhof<\/a><\/li><li><a href=\"https:\/\/www.uk-erlangen.de\/\" target=\"_blank\" rel=\"noopener\">Uniklinikum Erlangen<\/a><\/li><li><a href=\"https:\/\/www.vag.de\/aktuelles\/aktuelle-meldungen\/detail\/buergerentscheid-in-erlangen-ueber-die-stadt-umland-bahn\" target=\"_blank\" rel=\"noopener\">VAG Verkehrs-Aktiengesellschaft N\u00fcrnberg<\/a><\/li><li><a href=\"http:\/\/vcd-bayern.de\/\" target=\"_blank\" rel=\"noopener\">Verkehrsclub Deutschland (VCD) Landesverband Bayern<\/a><ul><li><a href=\"https:\/\/www.vcd.org\/vorort\/nuernberg\/\" target=\"_blank\" rel=\"noopener\">Kreisgruppe Erlangen<\/a><\/li><li><a href=\"https:\/\/bayern.vcd.org\/der-vcd-in-bayern\/nuernberg\" target=\"_blank\" rel=\"noopener\">Regionalverband Gro\u00dfraum N\u00fcrnberg<\/a><\/li><\/ul><\/li><li><a href=\"https:\/\/www.vgn.de\/stub\" target=\"_blank\" rel=\"noopener\">Verkehrsverbund Gro\u00dfraum N\u00fcrnberg GmbH<\/a><\/li><\/ul>\t\t\t\t\t\t\t\t<\/div>\n\t\t\t\t<\/div>\n\t\t\t\t\t<\/div>\n\t\t<\/div>\n\t\t\t\t\t<\/div>\n\t\t<\/section>\n\t\t\t\t<section class=\"elementor-section elementor-top-section elementor-element elementor-element-19d8238 elementor-section-boxed elementor-section-height-default elementor-section-height-default\" data-id=\"19d8238\" data-element_type=\"section\">\n\t\t\t\t\t\t<div class=\"elementor-container elementor-column-gap-default\">\n\t\t\t\t\t<div class=\"elementor-column elementor-col-100 elementor-top-column elementor-element elementor-element-53f2998\" data-id=\"53f2998\" data-element_type=\"column\">\n\t\t\t<div class=\"elementor-widget-wrap\">\n\t\t\t\t\t\t\t<\/div>\n\t\t<\/div>\n\t\t\t\t\t<\/div>\n\t\t<\/section>\n\t\t\t\t<section class=\"elementor-section elementor-top-section elementor-element elementor-element-dd3f8d3 elementor-section-boxed elementor-section-height-default elementor-section-height-default\" data-id=\"dd3f8d3\" data-element_type=\"section\" data-settings=\"{&quot;background_background&quot;:&quot;classic&quot;}\">\n\t\t\t\t\t\t<div class=\"elementor-container elementor-column-gap-default\">\n\t\t\t\t\t<div class=\"elementor-column elementor-col-100 elementor-top-column elementor-element elementor-element-f01e505\" data-id=\"f01e505\" data-element_type=\"column\">\n\t\t\t<div class=\"elementor-widget-wrap elementor-element-populated\">\n\t\t\t\t\t\t<div class=\"elementor-element elementor-element-a1cccaf elementor-widget elementor-widget-menu-anchor\" data-id=\"a1cccaf\" data-element_type=\"widget\" data-widget_type=\"menu-anchor.default\">\n\t\t\t\t<div class=\"elementor-widget-container\">\n\t\t\t\t\t\t\t<div class=\"elementor-menu-anchor\" id=\"unterstuetzen\"><\/div>\n\t\t\t\t\t\t<\/div>\n\t\t\t\t<\/div>\n\t\t\t\t<div class=\"elementor-element elementor-element-3d9f41c elementor-widget elementor-widget-heading\" data-id=\"3d9f41c\" data-element_type=\"widget\" data-widget_type=\"heading.default\">\n\t\t\t\t<div class=\"elementor-widget-container\">\n\t\t\t\t\t<h2 class=\"elementor-heading-title elementor-size-default\">Unterstu\u0308tze auch Du die StUB<\/h2>\t\t\t\t<\/div>\n\t\t\t\t<\/div>\n\t\t\t\t<div class=\"elementor-element elementor-element-a73246e elementor-widget elementor-widget-text-editor\" data-id=\"a73246e\" data-element_type=\"widget\" data-widget_type=\"text-editor.default\">\n\t\t\t\t<div class=\"elementor-widget-container\">\n\t\t\t\t\t\t\t\t\t<p>und nimm Kontakt zu einer der Organisationen auf oder melde dich direkt bei uns:<\/p>\n<p>\n<div class=\"wpcf7 no-js\" id=\"wpcf7-f1205-o1\" lang=\"de-DE\" dir=\"ltr\" data-wpcf7-id=\"1205\">\n<div class=\"screen-reader-response\"><p role=\"status\" aria-live=\"polite\" aria-atomic=\"true\"><\/p> <ul><\/ul><\/div>\n<form action=\"\/en\/wp-json\/wp\/v2\/pages\/1048#wpcf7-f1205-o1\" method=\"post\" class=\"wpcf7-form init\" aria-label=\"Kontaktformular\" novalidate=\"novalidate\" data-status=\"init\" data-trp-original-action=\"\/en\/wp-json\/wp\/v2\/pages\/1048#wpcf7-f1205-o1\">\n<fieldset class=\"hidden-fields-container\"><input type=\"hidden\" name=\"_wpcf7\" value=\"1205\" \/><input type=\"hidden\" name=\"_wpcf7_version\" value=\"6.1.4\" \/><input type=\"hidden\" name=\"_wpcf7_locale\" value=\"de_DE\" \/><input type=\"hidden\" name=\"_wpcf7_unit_tag\" value=\"wpcf7-f1205-o1\" \/><input type=\"hidden\" name=\"_wpcf7_container_post\" value=\"0\" \/><input type=\"hidden\" name=\"_wpcf7_posted_data_hash\" value=\"\" \/>\n<\/fieldset>\n<p><label>Dein Name<br \/>\n<span class=\"wpcf7-form-control-wrap\" data-name=\"your-name\"><input size=\"40\" maxlength=\"400\" class=\"wpcf7-form-control wpcf7-text wpcf7-validates-as-required\" autocomplete=\"name\" aria-required=\"true\" aria-invalid=\"false\" value=\"\" type=\"text\" name=\"your-name\" \/><\/span><\/label>\n<\/p>\n<p><label>Deine E-Mail-Adresse<br \/>\n<span class=\"wpcf7-form-control-wrap\" data-name=\"your-email\"><input size=\"40\" maxlength=\"400\" class=\"wpcf7-form-control wpcf7-email wpcf7-validates-as-required wpcf7-text wpcf7-validates-as-email\" autocomplete=\"email\" aria-required=\"true\" aria-invalid=\"false\" value=\"\" type=\"email\" name=\"your-email\" \/><\/span><\/label>\n<\/p>\n<p><label>Telefonnummer<br \/>\n<span class=\"wpcf7-form-control-wrap\" data-name=\"phone\"><input size=\"40\" maxlength=\"400\" class=\"wpcf7-form-control wpcf7-tel wpcf7-text wpcf7-validates-as-tel\" aria-invalid=\"false\" value=\"\" type=\"tel\" name=\"phone\" \/><\/span><\/label>\n<\/p>\n<p><label>Deine Nachricht (optional)<br \/>\n<span class=\"wpcf7-form-control-wrap\" data-name=\"your-message\"><textarea cols=\"40\" rows=\"10\" maxlength=\"2000\" class=\"wpcf7-form-control wpcf7-textarea\" aria-invalid=\"false\" name=\"your-message\"><\/textarea><\/span> <\/label>\n<\/p>\n<p><label>M\u00f6chtest Du uns unterst\u00fctzen?<\/label><span class=\"wpcf7-form-control-wrap\" data-name=\"wie-unterstuetzen\"><select class=\"wpcf7-form-control wpcf7-select\" aria-invalid=\"false\" name=\"wie-unterstuetzen\"><option value=\"noch nicht sicher\">noch nicht sicher<\/option><option value=\"Spende\">Spende<\/option><option value=\"Pers\u00f6nliches Engagement\">Pers\u00f6nliches Engagement<\/option><\/select><\/span>\n<\/p>\n<p><label>Newsletter<\/label><br \/>\n<span class=\"wpcf7-form-control-wrap\" data-name=\"mailjet-opt-in\"><span class=\"wpcf7-form-control wpcf7-checkbox\"><span class=\"wpcf7-list-item first last\"><input type=\"checkbox\" name=\"mailjet-opt-in[]\" value=\"Ich m\u00f6chte euren E-Mail Newsletter abonnieren\" \/><span class=\"wpcf7-list-item-label\">Ich m\u00f6chte euren E-Mail Newsletter abonnieren<\/span><\/span><\/span><\/span>\n<\/p>\n<p><label>Datenschutz<\/label><br \/>\nBeim Absenden des Formulars werden die Angaben zur Bearbeitung der Anfrage sowie f\u00fcr den Fall, dass Anschlussfragen entstehen, gespeichert.\n<\/p>\n<p><label>Bitte den Captcha-Code eingeben<\/label><br \/>\n<span class=\"wpcf7-form-control-wrap\" data-name=\"captcha-1\"><input size=\"40\" class=\"wpcf7-form-control wpcf7-captchar\" autocomplete=\"off\" aria-invalid=\"false\" value=\"\" type=\"text\" name=\"captcha-1\" \/><\/span><input type=\"hidden\" name=\"_wpcf7_captcha_challenge_captcha-1\" value=\"2344120293\" \/><img decoding=\"async\" class=\"wpcf7-form-control wpcf7-captchac wpcf7-captcha-captcha-1\" width=\"72\" height=\"24\" alt=\"captcha\" src=\"https:\/\/www.wir-pro-stub.de\/wp-content\/uploads\/wpcf7_captcha\/2344120293.png\" \/>\n<\/p>\n<p><input class=\"wpcf7-form-control wpcf7-submit has-spinner\" type=\"submit\" value=\"Senden\" \/>\n<\/p><div class=\"wpcf7-response-output\" aria-hidden=\"true\"><\/div>\n<input type=\"hidden\" name=\"trp-form-language\" value=\"en\"\/><\/form>\n<\/div>\n<br><\/p>\t\t\t\t\t\t\t\t<\/div>\n\t\t\t\t<\/div>\n\t\t\t\t\t<\/div>\n\t\t<\/div>\n\t\t\t\t\t<\/div>\n\t\t<\/section>\n\t\t\t\t<section class=\"elementor-section elementor-top-section elementor-element elementor-element-faf39cd elementor-section-boxed elementor-section-height-default elementor-section-height-default\" data-id=\"faf39cd\" data-element_type=\"section\" data-settings=\"{&quot;background_background&quot;:&quot;classic&quot;}\">\n\t\t\t\t\t\t<div class=\"elementor-container elementor-column-gap-default\">\n\t\t\t\t\t<div class=\"elementor-column elementor-col-100 elementor-top-column elementor-element elementor-element-5a128c3\" data-id=\"5a128c3\" data-element_type=\"column\">\n\t\t\t<div class=\"elementor-widget-wrap elementor-element-populated\">\n\t\t\t\t\t\t<div class=\"elementor-element elementor-element-064eace elementor-widget elementor-widget-menu-anchor\" data-id=\"064eace\" data-element_type=\"widget\" data-widget_type=\"menu-anchor.default\">\n\t\t\t\t<div class=\"elementor-widget-container\">\n\t\t\t\t\t\t\t<div class=\"elementor-menu-anchor\" id=\"spenden\"><\/div>\n\t\t\t\t\t\t<\/div>\n\t\t\t\t<\/div>\n\t\t\t\t<div class=\"elementor-element elementor-element-8d7107f elementor-widget elementor-widget-heading\" data-id=\"8d7107f\" data-element_type=\"widget\" data-widget_type=\"heading.default\">\n\t\t\t\t<div class=\"elementor-widget-container\">\n\t\t\t\t\t<h2 class=\"elementor-heading-title elementor-size-default\">Spenden<\/h2>\t\t\t\t<\/div>\n\t\t\t\t<\/div>\n\t\t\t\t<div class=\"elementor-element elementor-element-f51e829 elementor-widget elementor-widget-text-editor\" data-id=\"f51e829\" data-element_type=\"widget\" data-widget_type=\"text-editor.default\">\n\t\t\t\t<div class=\"elementor-widget-container\">\n\t\t\t\t\t\t\t\t\t<p>Danke, dass Du unsere Arbeit pro StUB finanziell unterst\u00fctzen m\u00f6chtest.<\/p><p>Spenden bitte an:<\/p><p>BI Umweltfreundliche Mobilit\u00e4t im Schwabachtal<br \/>IBAN: DE82 7635 0000 0015 1004 52<br \/>BIC: BYLADEM1ERH<br \/><strong>Verwendungszweck: WIR PRO StUB<\/strong><\/p>\t\t\t\t\t\t\t\t<\/div>\n\t\t\t\t<\/div>\n\t\t\t\t\t<\/div>\n\t\t<\/div>\n\t\t\t\t\t<\/div>\n\t\t<\/section>\n\t\t\t\t<section class=\"elementor-section elementor-top-section elementor-element elementor-element-e2f8c6a elementor-section-boxed elementor-section-height-default elementor-section-height-default\" data-id=\"e2f8c6a\" data-element_type=\"section\">\n\t\t\t\t\t\t<div class=\"elementor-container elementor-column-gap-default\">\n\t\t\t\t\t<div class=\"elementor-column elementor-col-100 elementor-top-column elementor-element elementor-element-183d1c1\" data-id=\"183d1c1\" data-element_type=\"column\">\n\t\t\t<div class=\"elementor-widget-wrap elementor-element-populated\">\n\t\t\t\t\t\t<div class=\"elementor-element elementor-element-c5f3479 elementor-widget elementor-widget-heading\" data-id=\"c5f3479\" data-element_type=\"widget\" data-widget_type=\"heading.default\">\n\t\t\t\t<div class=\"elementor-widget-container\">\n\t\t\t\t\t<h2 class=\"elementor-heading-title elementor-size-default\">Downloads<\/h2>\t\t\t\t<\/div>\n\t\t\t\t<\/div>\n\t\t\t\t\t<\/div>\n\t\t<\/div>\n\t\t\t\t\t<\/div>\n\t\t<\/section>\n\t\t\t\t<section class=\"elementor-section elementor-top-section elementor-element elementor-element-8852f9e elementor-section-boxed elementor-section-height-default elementor-section-height-default\" data-id=\"8852f9e\" data-element_type=\"section\">\n\t\t\t\t\t\t<div class=\"elementor-container elementor-column-gap-default\">\n\t\t\t\t\t<div class=\"elementor-column elementor-col-100 elementor-top-column elementor-element elementor-element-799d489\" data-id=\"799d489\" data-element_type=\"column\">\n\t\t\t<div class=\"elementor-widget-wrap elementor-element-populated\">\n\t\t\t\t\t\t<div class=\"elementor-element elementor-element-fc7935b elementor-widget elementor-widget-text-editor\" data-id=\"fc7935b\" data-element_type=\"widget\" data-widget_type=\"text-editor.default\">\n\t\t\t\t<div class=\"elementor-widget-container\">\n\t\t\t\t\t\t\t\t\t<p>Du m\u00f6chtest mit Deinem Profilbild Deine Unterst\u00fctzung der Stadt-Umland-Bahn zeigen oder bist auf der Suche nach Infomaterialien? Dann schau <a href=\"https:\/\/www.wir-pro-stub.de\/en\/downloads\/\">hier<\/a> vorbei.\u00a0<\/p>\t\t\t\t\t\t\t\t<\/div>\n\t\t\t\t<\/div>\n\t\t\t\t\t<\/div>\n\t\t<\/div>\n\t\t\t\t\t<\/div>\n\t\t<\/section>\n\t\t\t\t<\/div>","protected":false},"excerpt":{"rendered":"<p>The content of this page is only available in German. Unterst\u00fctzer:innen Die Stadt-Umland-Bahn hat viele Freunde. In WIR PRO StUB sind Vereine, Parteien, Initiativen und Firmen organisiert. Allgemeiner Deutscher Fahrrad-Club (ADFC)Kreisverband Erlangen\/Erlangen-H\u00f6chstadt AWO Kreisverband Erlangen-H\u00f6chstadt e.V. BI Umweltvertr\u00e4gliche Mobilit\u00e4t im Schwabachtal Boxdorfer Wohnanlage &#8211; Verein f\u00fcr Menschen Bund Naturschutz in Bayern e.V. Kreisgruppe Erlangen Kreisgruppe [&hellip;]<\/p>","protected":false},"author":1,"featured_media":0,"parent":0,"menu_order":2,"comment_status":"closed","ping_status":"closed","template":"","meta":{"footnotes":""},"class_list":["post-1048","page","type-page","status-publish","hentry"],"_links":{"self":[{"href":"https:\/\/www.wir-pro-stub.de\/en\/wp-json\/wp\/v2\/pages\/1048","targetHints":{"allow":["GET"]}}],"collection":[{"href":"https:\/\/www.wir-pro-stub.de\/en\/wp-json\/wp\/v2\/pages"}],"about":[{"href":"https:\/\/www.wir-pro-stub.de\/en\/wp-json\/wp\/v2\/types\/page"}],"author":[{"embeddable":true,"href":"https:\/\/www.wir-pro-stub.de\/en\/wp-json\/wp\/v2\/users\/1"}],"replies":[{"embeddable":true,"href":"https:\/\/www.wir-pro-stub.de\/en\/wp-json\/wp\/v2\/comments?post=1048"}],"version-history":[{"count":263,"href":"https:\/\/www.wir-pro-stub.de\/en\/wp-json\/wp\/v2\/pages\/1048\/revisions"}],"predecessor-version":[{"id":7599,"href":"https:\/\/www.wir-pro-stub.de\/en\/wp-json\/wp\/v2\/pages\/1048\/revisions\/7599"}],"wp:attachment":[{"href":"https:\/\/www.wir-pro-stub.de\/en\/wp-json\/wp\/v2\/media?parent=1048"}],"curies":[{"name":"wp","href":"https:\/\/api.w.org\/{rel}","templated":true}]}}