{"id":172,"date":"2023-06-30T13:26:40","date_gmt":"2023-06-30T11:26:40","guid":{"rendered":"https:\/\/www.wir-pro-stub.de\/?page_id=172"},"modified":"2024-03-24T18:54:36","modified_gmt":"2024-03-24T17:54:36","slug":"impressum","status":"publish","type":"page","link":"https:\/\/www.wir-pro-stub.de\/en\/impressum\/","title":{"rendered":"Impressum"},"content":{"rendered":"<div data-elementor-type=\"wp-page\" data-elementor-id=\"172\" class=\"elementor elementor-172\" data-elementor-post-type=\"page\">\n\t\t\t\t\t\t<section class=\"elementor-section elementor-top-section elementor-element elementor-element-0de88bb elementor-section-boxed elementor-section-height-default elementor-section-height-default\" data-id=\"0de88bb\" data-element_type=\"section\" data-no-translation=\"\">\n\t\t\t\t\t\t<div class=\"elementor-container elementor-column-gap-default\">\n\t\t\t\t\t<div class=\"elementor-column elementor-col-100 elementor-top-column elementor-element elementor-element-be93c1d\" data-id=\"be93c1d\" data-element_type=\"column\">\n\t\t\t<div class=\"elementor-widget-wrap elementor-element-populated\">\n\t\t\t\t\t\t<div class=\"elementor-element elementor-element-d1fc3ea elementor-widget elementor-widget-text-editor\" data-id=\"d1fc3ea\" data-element_type=\"widget\" data-widget_type=\"text-editor.default\">\n\t\t\t\t<div class=\"elementor-widget-container\">\n\t\t\t\t\t\t\t\t\t<p style=\"text-align: center;\">The content of this page is only available in German.<\/p>\t\t\t\t\t\t\t\t<\/div>\n\t\t\t\t<\/div>\n\t\t\t\t\t<\/div>\n\t\t<\/div>\n\t\t\t\t\t<\/div>\n\t\t<\/section>\n\t\t\t\t<section class=\"elementor-section elementor-top-section elementor-element elementor-element-c10706a elementor-section-boxed elementor-section-height-default elementor-section-height-default\" data-id=\"c10706a\" data-element_type=\"section\">\n\t\t\t\t\t\t<div class=\"elementor-container elementor-column-gap-default\">\n\t\t\t\t\t<div class=\"elementor-column elementor-col-100 elementor-top-column elementor-element elementor-element-8694aeb\" data-id=\"8694aeb\" data-element_type=\"column\">\n\t\t\t<div class=\"elementor-widget-wrap elementor-element-populated\">\n\t\t\t\t\t\t<div class=\"elementor-element elementor-element-af40299 elementor-widget elementor-widget-heading\" data-id=\"af40299\" data-element_type=\"widget\" data-widget_type=\"heading.default\">\n\t\t\t\t<div class=\"elementor-widget-container\">\n\t\t\t\t\t<h2 class=\"elementor-heading-title elementor-size-default\">Impressum<\/h2>\t\t\t\t<\/div>\n\t\t\t\t<\/div>\n\t\t\t\t<div class=\"elementor-element elementor-element-98e77c7 elementor-widget elementor-widget-text-editor\" data-id=\"98e77c7\" data-element_type=\"widget\" data-widget_type=\"text-editor.default\">\n\t\t\t\t<div class=\"elementor-widget-container\">\n\t\t\t\t\t\t\t\t\t<div>\n<h3>Anbieter*in der Seiten<br><strong>WIR PRO StUB<\/strong><\/h3>\n<p><strong>Verantwortlich gem\u00e4\u00df \u00a7 5 Telemediengesetz (TMG)<\/strong><\/p>\n<div>\n<div>\n<p><b>WIR PRO StUB<\/b><br>vertreten durch Hans-Thomas Benz<br>Friedrichstr. 7<br>91054 Erlangen<\/p>\n<p>Tel: 0 91 31 \/ 514 23<\/p>\n<p>E-Mail: wir(at)pro-stub.de<\/p>\n<p><strong>Haftungsausschluss (Disclaimer):<\/strong><br>Die bereitgestellten Informationen auf dieser Website wurden sorgf\u00e4ltig gepr\u00fcft und werden regelm\u00e4\u00dfig aktualisiert. Jedoch kann keine Garantie daf\u00fcr \u00fcbernommen werden, dass alle Angaben zu jeder Zeit vollst\u00e4ndig, richtig und in letzter Aktualit\u00e4t dargestellt sind. Dies gilt insbesondere f\u00fcr alle Verbindungen (\u201eLinks\u201c) zu anderen Websites, auf die direkt oder indirekt verwiesen wird. Alle Angaben k\u00f6nnen ohne vorherige Ank\u00fcndigung ge\u00e4ndert, entfernt oder erg\u00e4nzt werden.<\/p>\n<p><strong>Urheberrecht:<\/strong><br>Die hier abrufbaren Inhalte und Dateien (Texte, Bilder, usw.) sind urheberrechtlich gesch\u00fctzt und d\u00fcrfen nicht verwendet werden. \u00c4nderung, kommerzielle Nutzung, Weitergabe oder sonstige weitergehende Nutzung stellen einen Urheberrechtsversto\u00df dar.<\/p>\n<p><b>Fotos, Grafik und technische Umsetzung:<\/b><br>Christian Horn, <a href=\"https:\/\/www.fotografie-christian-horn.de\/\" target=\"_blank\" rel=\"noopener\">www.fotografie-christian-horn.de<\/a><\/p>\n<p><b>Visualisierungen Haltestellen (Startseite):<\/b><br>Claus Hirche \/ Zweckverband Stadt-Umland-Bahn N\u00fcrnberg \u2013 Erlangen \u2013 Herzogenaurachw<\/p>\n<\/div>\n<\/div>\n<\/div>\t\t\t\t\t\t\t\t<\/div>\n\t\t\t\t<\/div>\n\t\t\t\t\t<\/div>\n\t\t<\/div>\n\t\t\t\t\t<\/div>\n\t\t<\/section>\n\t\t\t\t<\/div>","protected":false},"excerpt":{"rendered":"<p>The content of this page is only available in German. Impressum Anbieter*in der SeitenWIR PRO StUB Verantwortlich gem\u00e4\u00df \u00a7 5 Telemediengesetz (TMG) WIR PRO StUBvertreten durch Hans-Thomas BenzFriedrichstr. 791054 Erlangen Tel: 0 91 31 \/ 514 23 E-Mail: wir(at)pro-stub.de Haftungsausschluss (Disclaimer):Die bereitgestellten Informationen auf dieser Website wurden sorgf\u00e4ltig gepr\u00fcft und werden regelm\u00e4\u00dfig aktualisiert. Jedoch kann [&hellip;]<\/p>","protected":false},"author":1,"featured_media":0,"parent":0,"menu_order":6,"comment_status":"closed","ping_status":"closed","template":"","meta":{"footnotes":""},"class_list":["post-172","page","type-page","status-publish","hentry"],"_links":{"self":[{"href":"https:\/\/www.wir-pro-stub.de\/en\/wp-json\/wp\/v2\/pages\/172","targetHints":{"allow":["GET"]}}],"collection":[{"href":"https:\/\/www.wir-pro-stub.de\/en\/wp-json\/wp\/v2\/pages"}],"about":[{"href":"https:\/\/www.wir-pro-stub.de\/en\/wp-json\/wp\/v2\/types\/page"}],"author":[{"embeddable":true,"href":"https:\/\/www.wir-pro-stub.de\/en\/wp-json\/wp\/v2\/users\/1"}],"replies":[{"embeddable":true,"href":"https:\/\/www.wir-pro-stub.de\/en\/wp-json\/wp\/v2\/comments?post=172"}],"version-history":[{"count":64,"href":"https:\/\/www.wir-pro-stub.de\/en\/wp-json\/wp\/v2\/pages\/172\/revisions"}],"predecessor-version":[{"id":4940,"href":"https:\/\/www.wir-pro-stub.de\/en\/wp-json\/wp\/v2\/pages\/172\/revisions\/4940"}],"wp:attachment":[{"href":"https:\/\/www.wir-pro-stub.de\/en\/wp-json\/wp\/v2\/media?parent=172"}],"curies":[{"name":"wp","href":"https:\/\/api.w.org\/{rel}","templated":true}]}}