{"id":4669,"date":"2024-03-20T10:54:06","date_gmt":"2024-03-20T09:54:06","guid":{"rendered":"https:\/\/www.wir-pro-stub.de\/?page_id=4669"},"modified":"2024-08-09T17:37:33","modified_gmt":"2024-08-09T15:37:33","slug":"termine","status":"publish","type":"page","link":"https:\/\/www.wir-pro-stub.de\/en\/termine\/","title":{"rendered":"Termine"},"content":{"rendered":"<div data-elementor-type=\"wp-page\" data-elementor-id=\"4669\" class=\"elementor elementor-4669\" data-elementor-post-type=\"page\">\n\t\t\t\t\t\t<section class=\"elementor-section elementor-top-section elementor-element elementor-element-22fb61e elementor-section-boxed elementor-section-height-default elementor-section-height-default\" data-id=\"22fb61e\" data-element_type=\"section\">\n\t\t\t\t\t\t<div class=\"elementor-container elementor-column-gap-default\">\n\t\t\t\t\t<div class=\"elementor-column elementor-col-100 elementor-top-column elementor-element elementor-element-4edf3e7\" data-id=\"4edf3e7\" data-element_type=\"column\">\n\t\t\t<div class=\"elementor-widget-wrap elementor-element-populated\">\n\t\t\t\t\t\t<div class=\"elementor-element elementor-element-43654c2 elementor-widget elementor-widget-heading\" data-id=\"43654c2\" data-element_type=\"widget\" data-widget_type=\"heading.default\">\n\t\t\t\t<div class=\"elementor-widget-container\">\n\t\t\t\t\t<h2 class=\"elementor-heading-title elementor-size-default\">Termine<\/h2>\t\t\t\t<\/div>\n\t\t\t\t<\/div>\n\t\t\t\t<div class=\"elementor-element elementor-element-e028de9 elementor-widget elementor-widget-text-editor\" data-id=\"e028de9\" data-element_type=\"widget\" data-widget_type=\"text-editor.default\">\n\t\t\t\t<div class=\"elementor-widget-container\">\n\t\t\t\t\t\t\t\t\t<p>Du m\u00f6chtest Informationen zur StUB oder uns einfach kennenlernen? Hier findest Du eine Reihe von Terminen, bei denen wir uns freuen w\u00fcrden, Dich begr\u00fc\u00dfen zu d\u00fcrfen.<\/p><p>&#8211; Aktuell sind keine Termine verf\u00fcgbar &#8211;&nbsp;<\/p>\t\t\t\t\t\t\t\t<\/div>\n\t\t\t\t<\/div>\n\t\t\t\t\t<\/div>\n\t\t<\/div>\n\t\t\t\t\t<\/div>\n\t\t<\/section>\n\t\t\t\t<section class=\"elementor-section elementor-top-section elementor-element elementor-element-06b051d elementor-section-boxed elementor-section-height-default elementor-section-height-default\" data-id=\"06b051d\" data-element_type=\"section\">\n\t\t\t\t\t\t<div class=\"elementor-container elementor-column-gap-default\">\n\t\t\t\t\t<div class=\"elementor-column elementor-col-100 elementor-top-column elementor-element elementor-element-19d74a3\" data-id=\"19d74a3\" data-element_type=\"column\">\n\t\t\t<div class=\"elementor-widget-wrap elementor-element-populated\">\n\t\t\t\t\t\t\t<\/div>\n\t\t<\/div>\n\t\t\t\t\t<\/div>\n\t\t<\/section>\n\t\t\t\t<\/div>","protected":false},"excerpt":{"rendered":"<p>Termine Du m\u00f6chtest Informationen zur StUB oder uns einfach kennenlernen? Hier findest Du eine Reihe von Terminen, bei denen wir uns freuen w\u00fcrden, Dich begr\u00fc\u00dfen zu d\u00fcrfen. &#8211; Aktuell sind keine Termine verf\u00fcgbar &#8211;&nbsp;<\/p>","protected":false},"author":1,"featured_media":0,"parent":0,"menu_order":0,"comment_status":"closed","ping_status":"closed","template":"","meta":{"footnotes":""},"class_list":["post-4669","page","type-page","status-publish","hentry"],"_links":{"self":[{"href":"https:\/\/www.wir-pro-stub.de\/en\/wp-json\/wp\/v2\/pages\/4669","targetHints":{"allow":["GET"]}}],"collection":[{"href":"https:\/\/www.wir-pro-stub.de\/en\/wp-json\/wp\/v2\/pages"}],"about":[{"href":"https:\/\/www.wir-pro-stub.de\/en\/wp-json\/wp\/v2\/types\/page"}],"author":[{"embeddable":true,"href":"https:\/\/www.wir-pro-stub.de\/en\/wp-json\/wp\/v2\/users\/1"}],"replies":[{"embeddable":true,"href":"https:\/\/www.wir-pro-stub.de\/en\/wp-json\/wp\/v2\/comments?post=4669"}],"version-history":[{"count":31,"href":"https:\/\/www.wir-pro-stub.de\/en\/wp-json\/wp\/v2\/pages\/4669\/revisions"}],"predecessor-version":[{"id":7582,"href":"https:\/\/www.wir-pro-stub.de\/en\/wp-json\/wp\/v2\/pages\/4669\/revisions\/7582"}],"wp:attachment":[{"href":"https:\/\/www.wir-pro-stub.de\/en\/wp-json\/wp\/v2\/media?parent=4669"}],"curies":[{"name":"wp","href":"https:\/\/api.w.org\/{rel}","templated":true}]}}