{"id":7558,"date":"2024-06-24T12:31:53","date_gmt":"2024-06-24T10:31:53","guid":{"rendered":"https:\/\/www.wir-pro-stub.de\/?page_id=7558"},"modified":"2024-08-09T17:40:57","modified_gmt":"2024-08-09T15:40:57","slug":"ausblick","status":"publish","type":"page","link":"https:\/\/www.wir-pro-stub.de\/en\/ausblick\/","title":{"rendered":"Ausblick"},"content":{"rendered":"<div data-elementor-type=\"wp-page\" data-elementor-id=\"7558\" class=\"elementor elementor-7558\" data-elementor-post-type=\"page\">\n\t\t\t\t\t\t<section class=\"elementor-section elementor-top-section elementor-element elementor-element-4dbc58e elementor-section-boxed elementor-section-height-default elementor-section-height-default\" data-id=\"4dbc58e\" data-element_type=\"section\">\n\t\t\t\t\t\t<div class=\"elementor-container elementor-column-gap-default\">\n\t\t\t\t\t<div class=\"elementor-column elementor-col-100 elementor-top-column elementor-element elementor-element-ddac6d8\" data-id=\"ddac6d8\" data-element_type=\"column\">\n\t\t\t<div class=\"elementor-widget-wrap elementor-element-populated\">\n\t\t\t\t\t\t<div class=\"elementor-element elementor-element-3b81681 elementor-widget elementor-widget-heading\" data-id=\"3b81681\" data-element_type=\"widget\" data-widget_type=\"heading.default\">\n\t\t\t\t<div class=\"elementor-widget-container\">\n\t\t\t\t\t<h2 class=\"elementor-heading-title elementor-size-default\">Ausblick \u2013 Wir sagen Danke!<\/h2>\t\t\t\t<\/div>\n\t\t\t\t<\/div>\n\t\t\t\t\t<\/div>\n\t\t<\/div>\n\t\t\t\t\t<\/div>\n\t\t<\/section>\n\t\t\t\t<section class=\"elementor-section elementor-top-section elementor-element elementor-element-3433f3a elementor-section-boxed elementor-section-height-default elementor-section-height-default\" data-id=\"3433f3a\" data-element_type=\"section\">\n\t\t\t\t\t\t<div class=\"elementor-container elementor-column-gap-default\">\n\t\t\t\t\t<div class=\"elementor-column elementor-col-50 elementor-top-column elementor-element elementor-element-82ebd3c\" data-id=\"82ebd3c\" data-element_type=\"column\">\n\t\t\t<div class=\"elementor-widget-wrap elementor-element-populated\">\n\t\t\t\t\t\t<div class=\"elementor-element elementor-element-16ecf53 elementor-widget elementor-widget-text-editor\" data-id=\"16ecf53\" data-element_type=\"widget\" data-widget_type=\"text-editor.default\">\n\t\t\t\t<div class=\"elementor-widget-container\">\n\t\t\t\t\t\t\t\t\t<p>Zum zweiten Mal w\u00fcrde in Erlangen f\u00fcr den Bau der Stadt-Umland-Bahn als Verl\u00e4ngerung der N\u00fcrnberger Stra\u00dfenbahn \u00fcber Erlangen nach Herzogenaurach gestimmt.<\/p><p>Beim B\u00fcrgerentscheid am 9. Juni 2024 votierten 52,4% der abgegebenen Stimmen in der Stadt Erlangen daf\u00fcr und erm\u00f6glichen damit die Einreichung der Unterlagen f\u00fcr das Planfeststellungsverfahrens im Jahr 2025. Die Planungen sind nun soweit abgeschlossen, dass nur noch letzte Detailplanungen in den kommenden Monaten abgekl\u00e4rt werden m\u00fcssen.<\/p><p>Besondere die gro\u00dfen Bauwerke f\u00fcr die Querung der Autobahn und der Regnitzquerung k\u00f6nnen schon jetzt als\u00a0<a href=\"https:\/\/www.stadtumlandbahn.de\/ueber-stub\/visualisierungen\/\" target=\"_blank\" rel=\"noopener\">Visualisierungen auf der Webseite des Zweckverbands<\/a>\u00a0betrachtet werden.<\/p><p>Der Baubeginn der ersten Bauabschnitte ist f\u00fcr 2028 angesetzt, die ersten Inbetriebnahmen folgen 2031. Ab dann kann man von N\u00fcrnberg bereits nach\u00a0<a href=\"https:\/\/erlangen.de\/aktuelles\/verkehrskonzept-sued\" target=\"_blank\" rel=\"noopener\">Erlangen S\u00fcd<\/a>\u00a0mit der Stra\u00dfenbahn fahren. Hier soll eine neue Mobilit\u00e4tsdrehscheibe f\u00fcr den Umstieg auf das\u00a0<a href=\"https:\/\/www.stadtumlandbahn.de\/ueber-stub\/strecke\/abschnitte-im-fokus\/das-erlanger-gesamt-oepnv-netz-mit-stub-und-bus\/\" target=\"_blank\" rel=\"noopener\">optimierte Busnetz<\/a>\u00a0sowie der\u00a0<a href=\"https:\/\/erlangen.de\/aktuelles\/verkehrskonzept-sued\" target=\"_blank\" rel=\"noopener\">neue Radschnellweg<\/a>\u00a0nach N\u00fcrnberg entstehen.<\/p><p>Der Wahlkampf des Initiative WIR PRO StUB war gepr\u00e4gt von Engagement und kreativen Aktionen wie Infost\u00e4nden in der Fu\u00dfg\u00e4ngerzone und w\u00e4hrend der Bergkirchweih. Das Motto &#8222;Ciao Stau&#8220; unterstreicht die Botschaft eines schnelleren und attraktiveren Nahverkehrs. Die umfangreiche Informationskampagne, einschlie\u00dflich der Verteilung von Flyer an alle Haushalte, hat ma\u00dfgeblich zum positiven Abstimmungsergebnis beigetragen.<\/p><p>Der positive Entscheid \u00f6ffnet auch die T\u00fcren f\u00fcr die detaillierte\u00a0<a href=\"https:\/\/www.stadtumlandbahn.de\/strecke\/ostast\/\" target=\"_blank\" rel=\"noopener\">Planung des Ostast nach Neunkirchen am Brand und Eckental<\/a>. Dadurch kann in Erlangen ein richtiges Stra\u00dfenbahn-Netz entstehen und weitere wichtige Einfallstra\u00dfen werden vom motorisierten Individualverkehr entlastet. Insbesondere die Universit\u00e4t wird dadurch auch hervorragend an das Umland angebunden und wichtiger Wohnraum f\u00fcr Studierende erschlossen.<\/p><p>Wie es mit der Stadt-Umland-Bahn und WIR PRO StUB weiter geht, erfahren Sie in K\u00fcrze hier.<\/p>\t\t\t\t\t\t\t\t<\/div>\n\t\t\t\t<\/div>\n\t\t\t\t\t<\/div>\n\t\t<\/div>\n\t\t\t\t<div class=\"elementor-column elementor-col-50 elementor-top-column elementor-element elementor-element-16b5d9e\" data-id=\"16b5d9e\" data-element_type=\"column\">\n\t\t\t<div class=\"elementor-widget-wrap elementor-element-populated\">\n\t\t\t\t\t\t<div class=\"elementor-element elementor-element-0c8fc34 elementor-widget elementor-widget-image\" data-id=\"0c8fc34\" data-element_type=\"widget\" data-widget_type=\"image.default\">\n\t\t\t\t<div class=\"elementor-widget-container\">\n\t\t\t\t\t\t\t\t\t\t\t\t\t\t\t\t<a href=\"https:\/\/www.wir-pro-stub.de\/wp-content\/uploads\/2024\/06\/wahlergebnis2024_stub.jpg\" data-elementor-open-lightbox=\"yes\" data-e-action-hash=\"#elementor-action%3Aaction%3Dlightbox%26settings%3DeyJpZCI6NzU2NywidXJsIjoiaHR0cHM6XC9cL3d3dy53aXItcHJvLXN0dWIuZGVcL3dwLWNvbnRlbnRcL3VwbG9hZHNcLzIwMjRcLzA2XC93YWhsZXJnZWJuaXMyMDI0X3N0dWIuanBnIn0%3D\">\n\t\t\t\t\t\t\t<img fetchpriority=\"high\" decoding=\"async\" width=\"800\" height=\"546\" src=\"https:\/\/www.wir-pro-stub.de\/wp-content\/uploads\/2024\/06\/wahlergebnis2024_stub.jpg\" class=\"attachment-large size-large wp-image-7567\" alt=\"\" srcset=\"https:\/\/www.wir-pro-stub.de\/wp-content\/uploads\/2024\/06\/wahlergebnis2024_stub.jpg 800w, https:\/\/www.wir-pro-stub.de\/wp-content\/uploads\/2024\/06\/wahlergebnis2024_stub-300x205.jpg 300w, https:\/\/www.wir-pro-stub.de\/wp-content\/uploads\/2024\/06\/wahlergebnis2024_stub-768x524.jpg 768w, https:\/\/www.wir-pro-stub.de\/wp-content\/uploads\/2024\/06\/wahlergebnis2024_stub-18x12.jpg 18w\" sizes=\"(max-width: 800px) 100vw, 800px\" \/>\t\t\t\t\t\t\t\t<\/a>\n\t\t\t\t\t\t\t\t\t\t\t\t\t\t\t<\/div>\n\t\t\t\t<\/div>\n\t\t\t\t\t<\/div>\n\t\t<\/div>\n\t\t\t\t\t<\/div>\n\t\t<\/section>\n\t\t\t\t<\/div>","protected":false},"excerpt":{"rendered":"<p>Ausblick \u2013 Wir sagen Danke! Zum zweiten Mal w\u00fcrde in Erlangen f\u00fcr den Bau der Stadt-Umland-Bahn als Verl\u00e4ngerung der N\u00fcrnberger Stra\u00dfenbahn \u00fcber Erlangen nach Herzogenaurach gestimmt. Beim B\u00fcrgerentscheid am 9. Juni 2024 votierten 52,4% der abgegebenen Stimmen in der Stadt Erlangen daf\u00fcr und erm\u00f6glichen damit die Einreichung der Unterlagen f\u00fcr das Planfeststellungsverfahrens im Jahr 2025. [&hellip;]<\/p>","protected":false},"author":1,"featured_media":0,"parent":0,"menu_order":0,"comment_status":"closed","ping_status":"closed","template":"","meta":{"footnotes":""},"class_list":["post-7558","page","type-page","status-publish","hentry"],"_links":{"self":[{"href":"https:\/\/www.wir-pro-stub.de\/en\/wp-json\/wp\/v2\/pages\/7558","targetHints":{"allow":["GET"]}}],"collection":[{"href":"https:\/\/www.wir-pro-stub.de\/en\/wp-json\/wp\/v2\/pages"}],"about":[{"href":"https:\/\/www.wir-pro-stub.de\/en\/wp-json\/wp\/v2\/types\/page"}],"author":[{"embeddable":true,"href":"https:\/\/www.wir-pro-stub.de\/en\/wp-json\/wp\/v2\/users\/1"}],"replies":[{"embeddable":true,"href":"https:\/\/www.wir-pro-stub.de\/en\/wp-json\/wp\/v2\/comments?post=7558"}],"version-history":[{"count":19,"href":"https:\/\/www.wir-pro-stub.de\/en\/wp-json\/wp\/v2\/pages\/7558\/revisions"}],"predecessor-version":[{"id":7588,"href":"https:\/\/www.wir-pro-stub.de\/en\/wp-json\/wp\/v2\/pages\/7558\/revisions\/7588"}],"wp:attachment":[{"href":"https:\/\/www.wir-pro-stub.de\/en\/wp-json\/wp\/v2\/media?parent=7558"}],"curies":[{"name":"wp","href":"https:\/\/api.w.org\/{rel}","templated":true}]}}